{"id":5654,"date":"2020-08-05T15:03:59","date_gmt":"2020-08-05T13:03:59","guid":{"rendered":"http:\/\/agence-petit-gastronome.fr\/dev\/ande\/accueil\/"},"modified":"2026-03-23T10:48:09","modified_gmt":"2026-03-23T09:48:09","slug":"accueil","status":"publish","type":"page","link":"https:\/\/www.restaurant-skab.fr\/en\/","title":{"rendered":"Michelin-starred restaurant SKAB"},"content":{"rendered":"<p>[vc_row row_content_width=&#8221;grid&#8221; css=&#8221;.vc_custom_1596634135779{padding-top: 5px !important;}&#8221; el_class=&#8221;.mkdf-di-holder-right&#8221;][vc_column offset=&#8221;vc_col-lg-6 vc_col-md-12&#8243;]<div class=\"mkdf-elements-holder   mkdf-one-column  mkdf-responsive-mode-768 \" ><div class=\"mkdf-eh-item    \"  data-item-class=\"mkdf-eh-custom-2358\" data-1025-1366=\"32% 12% 0 0%\" data-769-1024=\"27.5% 14% 0 8%\" data-681-768=\"24% 7% 0 5%\" data-680=\"5% 0 0 0\">\n\t<div class=\"mkdf-eh-item-inner\">\n\t\t<div class=\"mkdf-eh-item-content mkdf-eh-custom-2358\" style=\"padding: 27% 12% 0 5%\">\n\t\t\t<div class=\"mkdf-section-title-holder  mkdf-st-standard mkdf-st-title-left mkdf-st-normal-space \" >\n\t<div class=\"mkdf-st-inner\">\n\t\t\t\t\t<h2 class=\"mkdf-st-title\" >\n\t\t\t\t<span class=\"mkdf-st-title-light\">Skab<\/span> <span class=\"mkdf-st-title-bold\">Restaurant<\/span>\t\t\t<\/h2>\n\t\t\t\t<div class=\"mkdf-separator-holder clearfix   \">\n\t<div class=\"mkdf-separator\" style=\"border-color: #ff6600;width: 80px;border-bottom-width: 2px\"><\/div>\n<\/div>\n\t\t\t<\/div>\n<\/div>[vc_column_text]Damien and S\u00e9verine invite you to share their universe through the Michelin-starred restaurant SKAB, located near the N\u00eemes arenas and the Mus\u00e9e de la Romanit\u00e9.<\/p>\n<p>The taste of the terroir and haute cuisine blend in the kitchens of the Michelin-starred chef. Respect for the product and the seasons ensures the quality of this establishment.<\/p>\n<p>This commitment to excellence, close by, is reflected even in the restaurant&#8217;s decoration, with numerous collaborations with artisans from Gard, creating a cozy and refined atmosphere.<\/p>\n<p>Whether it&#8217;s a business meal, a family gathering, a romantic dinner, or a meal with friends, the magnificent shaded patio, typical of the region, welcomes you during the warmer days.[\/vc_column_text][vc_empty_space height=&#8221;30px&#8221;][vc_column_text]<\/p>\n<p style=\"text-align: justify;\" data-fontsize=\"16\" data-lineheight=\"24\"><strong>Guide Michelin 2026<\/strong>\u00a0: <img decoding=\"async\" style=\"width: 25px; vertical-align: bottom;\" src=\"https:\/\/www.restaurant-skab.fr\/wp-content\/uploads\/2020\/08\/michelinstaredr-skab.png\" \/><\/p>\n<p style=\"text-align: justify;\" data-fontsize=\"16\" data-lineheight=\"24\"><strong>Gault &amp; Millau 2026<\/strong>\u00a0: <img decoding=\"async\" style=\"vertical-align: bottom;\" src=\"https:\/\/www.restaurant-skab.fr\/wp-content\/uploads\/2020\/08\/toques.png\" \/><\/p>\n<p>[\/vc_column_text]\t\t<\/div>\n\t<\/div>\n<\/div><\/div>[\/vc_column][vc_column offset=&#8221;vc_col-lg-6 vc_col-md-12&#8243;]<div class=\"mkdf-elements-holder   mkdf-one-column  mkdf-responsive-mode-768 \" ><div class=\"mkdf-eh-item    \"  data-item-class=\"mkdf-eh-custom-2392\" data-769-1024=\"10% 10% 0 0\" data-681-768=\"10% 0 0 41%\" data-680=\"10% 0 0 42%\">\n\t<div class=\"mkdf-eh-item-inner\">\n\t\t<div class=\"mkdf-eh-item-content mkdf-eh-custom-2392\" >\n\t\t\t<div class=\"mkdf-dual-image-holder  mkdf-dual-image-position-left mkdf-image-parallax mkdf-image-appear\">\n    <div class=\"mkdf-di-main-image\"  data-parallax='{\"y\":75, \"smoothness\":10}' >\n        <div class=\"mkdf-image-wrapper\">\n                            <img loading=\"lazy\" decoding=\"async\" width=\"378\" height=\"575\" src=\"https:\/\/www.restaurant-skab.fr\/wp-content\/uploads\/2020\/08\/4F0A2685-1.jpg\" class=\"attachment-full size-full\" alt=\"Patio du restaurant Skab\" srcset=\"https:\/\/www.restaurant-skab.fr\/wp-content\/uploads\/2020\/08\/4F0A2685-1.jpg 378w, https:\/\/www.restaurant-skab.fr\/wp-content\/uploads\/2020\/08\/4F0A2685-1-197x300.jpg 197w\" sizes=\"auto, (max-width: 378px) 100vw, 378px\" \/>                    <\/div>\n    <\/div>\n    <div class=\"mkdf-di-second-image\"  data-parallax='{\"y\":25, \"smoothness\":10}' >\n        <div class=\"mkdf-image-wrapper\">\n    \t\t    \t\t\t<img loading=\"lazy\" decoding=\"async\" width=\"351\" height=\"351\" src=\"https:\/\/www.restaurant-skab.fr\/wp-content\/uploads\/2020\/08\/skab-007.jpg\" class=\"attachment-full size-full\" alt=\"Table pr\u00e9par\u00e9e a recevoir\" srcset=\"https:\/\/www.restaurant-skab.fr\/wp-content\/uploads\/2020\/08\/skab-007.jpg 351w, https:\/\/www.restaurant-skab.fr\/wp-content\/uploads\/2020\/08\/skab-007-150x150.jpg 150w, https:\/\/www.restaurant-skab.fr\/wp-content\/uploads\/2020\/08\/skab-007-300x300.jpg 300w\" sizes=\"auto, (max-width: 351px) 100vw, 351px\" \/>    \t\t        <\/div>\n    <\/div>\n<\/div>\t\t<\/div>\n\t<\/div>\n<\/div><\/div>[\/vc_column][\/vc_row][vc_row el_class=&#8221;espace&#8221;][vc_column][vc_empty_space height=&#8221;40px&#8221;][\/vc_column][\/vc_row][vc_row row_content_width=&#8221;grid&#8221; css=&#8221;.vc_custom_1597837674588{padding-top: 70px !important;}&#8221;][vc_column offset=&#8221;vc_col-lg-6 vc_col-md-12&#8243;]<div class=\"mkdf-elements-holder   mkdf-one-column  mkdf-responsive-mode-768 \" ><div class=\"mkdf-eh-item    \"  data-item-class=\"mkdf-eh-custom-3004\" data-769-1024=\"10% 0 0 10%\" data-681-768=\"10% 41% 0 0\" data-680=\"10% 42% 0 0\">\n\t<div class=\"mkdf-eh-item-inner\">\n\t\t<div class=\"mkdf-eh-item-content mkdf-eh-custom-3004\" >\n\t\t\t<div class=\"mkdf-dual-image-holder  mkdf-dual-image-position-right mkdf-image-parallax mkdf-image-appear\">\n    <div class=\"mkdf-di-main-image\"  data-parallax='{\"y\":75, \"smoothness\":10}' >\n        <div class=\"mkdf-image-wrapper\">\n                            <img loading=\"lazy\" decoding=\"async\" width=\"378\" height=\"575\" src=\"https:\/\/www.restaurant-skab.fr\/wp-content\/uploads\/2020\/08\/4F0A2685.jpg\" class=\"attachment-full size-full\" alt=\"Damien Sanchez le Chef\" srcset=\"https:\/\/www.restaurant-skab.fr\/wp-content\/uploads\/2020\/08\/4F0A2685.jpg 378w, https:\/\/www.restaurant-skab.fr\/wp-content\/uploads\/2020\/08\/4F0A2685-197x300.jpg 197w\" sizes=\"auto, (max-width: 378px) 100vw, 378px\" \/>                    <\/div>\n    <\/div>\n    <div class=\"mkdf-di-second-image\"  data-parallax='{\"y\":25, \"smoothness\":10}' >\n        <div class=\"mkdf-image-wrapper\">\n    \t\t    \t\t\t<img loading=\"lazy\" decoding=\"async\" width=\"351\" height=\"351\" src=\"https:\/\/www.restaurant-skab.fr\/wp-content\/uploads\/2020\/09\/4F0A7309-1.png\" class=\"attachment-full size-full\" alt=\"D\u00e9couvrez les assiettes du chef\" srcset=\"https:\/\/www.restaurant-skab.fr\/wp-content\/uploads\/2020\/09\/4F0A7309-1.png 351w, https:\/\/www.restaurant-skab.fr\/wp-content\/uploads\/2020\/09\/4F0A7309-1-150x150.png 150w, https:\/\/www.restaurant-skab.fr\/wp-content\/uploads\/2020\/09\/4F0A7309-1-300x300.png 300w\" sizes=\"auto, (max-width: 351px) 100vw, 351px\" \/>    \t\t        <\/div>\n    <\/div>\n<\/div>\t\t<\/div>\n\t<\/div>\n<\/div><\/div>[\/vc_column][vc_column offset=&#8221;vc_col-lg-6 vc_col-md-12&#8243;]<div class=\"mkdf-elements-holder   mkdf-one-column  mkdf-responsive-mode-768 \" ><div class=\"mkdf-eh-item    \"  data-item-class=\"mkdf-eh-custom-4804\" data-1025-1366=\"31.4% 0% 0 18%\" data-769-1024=\"20% 18% 0 10%\" data-681-768=\"25% 12% 0 0%\" data-680=\"20% 0 0 0\">\n\t<div class=\"mkdf-eh-item-inner\">\n\t\t<div class=\"mkdf-eh-item-content mkdf-eh-custom-4804\" style=\"padding: 26% 15% 0 2%\">\n\t\t\t<div class=\"mkdf-section-title-holder responsive-tilte mkdf-st-standard mkdf-st-title-left mkdf-st-normal-space \" >\n\t<div class=\"mkdf-st-inner\">\n\t\t\t\t\t<h2 class=\"mkdf-st-title\" >\n\t\t\t\t<span class=\"mkdf-st-title-light\">The<\/span> <span class=\"mkdf-st-title-light\">Chef<\/span><br \/> <span class=\"mkdf-st-title-bold\">Damien<\/span> <span class=\"mkdf-st-title-bold\">Sanchez<\/span>\t\t\t<\/h2>\n\t\t\t\t<div class=\"mkdf-separator-holder clearfix   \">\n\t<div class=\"mkdf-separator\" style=\"border-color: #ff6600;width: 80px;border-bottom-width: 2px\"><\/div>\n<\/div>\n\t\t\t<\/div>\n<\/div>[vc_column_text]Damien Sanchez, a native of N\u00eemes, is a lover of Gard and its culinary treasures.<br \/>\nHe finds in this region all the riches necessary for creating exceptional dishes.<\/p>\n<p>The transmission of his know-how and values is essential for Damien, who trains young apprentices every year, both in the kitchen and in the dining room.<\/p>\n<p>The Michelin-starred restaurant SKAB welcomes a dynamic team that enhances local terroir products at every service, accompanied by impeccable service.<\/p>\n<p>The Michelin-starred chef and S\u00e9verine have surrounded themselves with loyal and professional individuals.[\/vc_column_text]\t\t<\/div>\n\t<\/div>\n<\/div><\/div>[\/vc_column][\/vc_row][vc_row el_class=&#8221;espace&#8221;][vc_column][vc_empty_space height=&#8221;180px&#8221;][\/vc_column][\/vc_row][vc_row row_content_width=&#8221;grid&#8221; content_text_aligment=&#8221;center&#8221; css=&#8221;.vc_custom_1598080434148{padding-top: 66px !important;background-color: #ffffff !important;}&#8221; simple_background_color=&#8221;#ffffff&#8221;][vc_column]<div class=\"mkdf-section-title-holder  mkdf-st-standard mkdf-st-title-left mkdf-st-normal-space \" style=\"text-align: center\">\n\t<div class=\"mkdf-st-inner\">\n\t\t\t\t\t<h2 class=\"mkdf-st-title\" >\n\t\t\t\t<span class=\"mkdf-st-title-light\">Some<\/span> <span class=\"mkdf-st-title-bold\">Pictures<\/span>\t\t\t<\/h2>\n\t\t\t\t<div class=\"mkdf-separator-holder clearfix  mkdf-separator-center \">\n\t<div class=\"mkdf-separator\" style=\"border-color: #ff6600;width: 80px;border-bottom-width: 2px\"><\/div>\n<\/div>\n\t\t\t<\/div>\n<\/div><div class=\"mkdf-image-gallery mkdf-grid-list mkdf-grid-masonry-list mkdf-disable-bottom-space  mkdf-ig-masonry-type mkdf-four-columns mkdf-small-space  mkdf-image-behavior-lightbox mkdf-image-gallery-appear\">\n\t<div class=\"mkdf-ig-inner mkdf-outer-space mkdf-masonry-list-wrapper\">\n\t\t<div class=\"mkdf-masonry-grid-sizer\"><\/div>\n\t\t<div class=\"mkdf-masonry-grid-gutter\"><\/div>\n\t\t\t\t\t\t\t\t<div class=\"mkdf-ig-image mkdf-item-space mkdf-fixed-masonry-item mkdf-masonry-size-large-height\">\n\t\t\t\t<div class=\"mkdf-ig-image-inner\">\n\t\t\t\t\t\t\t\t\t\t\t<a itemprop=\"image\" class=\"mkdf-ig-lightbox\" href=\"https:\/\/www.restaurant-skab.fr\/wp-content\/uploads\/2020\/08\/Sans-titre-3.jpg\" data-rel=\"prettyPhoto[image_gallery_pretty_photo-109]\" title=\"RestaurantSkabN\u00eemes\">\n\t\t\t\t\t\t\t\t\t\t\t<img loading=\"lazy\" decoding=\"async\" width=\"310\" height=\"630\" src=\"https:\/\/www.restaurant-skab.fr\/wp-content\/uploads\/2020\/08\/Sans-titre-3.jpg\" class=\"attachment-ande_mikado_image_portrait size-ande_mikado_image_portrait\" alt=\"Salle d\u00e9licatement pr\u00e9par\u00e9e\" srcset=\"https:\/\/www.restaurant-skab.fr\/wp-content\/uploads\/2020\/08\/Sans-titre-3.jpg 310w, https:\/\/www.restaurant-skab.fr\/wp-content\/uploads\/2020\/08\/Sans-titre-3-148x300.jpg 148w\" sizes=\"auto, (max-width: 310px) 100vw, 310px\" \/>\t\t\t\t\t\t\t\t\t\t\t<\/a>\n\t\t\t\t\t\t\t\t\t<\/div>\n\t\t\t<\/div>\n\t\t\t\t\t\t\t\t<div class=\"mkdf-ig-image mkdf-item-space \">\n\t\t\t\t<div class=\"mkdf-ig-image-inner\">\n\t\t\t\t\t\t\t\t\t\t\t<a itemprop=\"image\" class=\"mkdf-ig-lightbox\" href=\"https:\/\/www.restaurant-skab.fr\/wp-content\/uploads\/2020\/08\/galerie-image8.jpg\" data-rel=\"prettyPhoto[image_gallery_pretty_photo-109]\" title=\"RestaurantSkabN\u00eemes\">\n\t\t\t\t\t\t\t\t\t\t\t<img loading=\"lazy\" decoding=\"async\" width=\"1500\" height=\"1500\" src=\"https:\/\/www.restaurant-skab.fr\/wp-content\/uploads\/2020\/08\/galerie-image8.jpg\" class=\"attachment-full size-full\" alt=\"D\u00e9couvrez les assiettes raffin\u00e9es du chef\" srcset=\"https:\/\/www.restaurant-skab.fr\/wp-content\/uploads\/2020\/08\/galerie-image8.jpg 1500w, https:\/\/www.restaurant-skab.fr\/wp-content\/uploads\/2020\/08\/galerie-image8-150x150.jpg 150w, https:\/\/www.restaurant-skab.fr\/wp-content\/uploads\/2020\/08\/galerie-image8-300x300.jpg 300w, https:\/\/www.restaurant-skab.fr\/wp-content\/uploads\/2020\/08\/galerie-image8-768x768.jpg 768w, https:\/\/www.restaurant-skab.fr\/wp-content\/uploads\/2020\/08\/galerie-image8-1024x1024.jpg 1024w, https:\/\/www.restaurant-skab.fr\/wp-content\/uploads\/2020\/08\/galerie-image8-650x650.jpg 650w, https:\/\/www.restaurant-skab.fr\/wp-content\/uploads\/2020\/08\/galerie-image8-1300x1300.jpg 1300w, https:\/\/www.restaurant-skab.fr\/wp-content\/uploads\/2020\/08\/galerie-image8-600x600.jpg 600w, https:\/\/www.restaurant-skab.fr\/wp-content\/uploads\/2020\/08\/galerie-image8-100x100.jpg 100w\" sizes=\"auto, (max-width: 1500px) 100vw, 1500px\" \/>\t\t\t\t\t\t\t\t\t\t\t<\/a>\n\t\t\t\t\t\t\t\t\t<\/div>\n\t\t\t<\/div>\n\t\t\t\t\t\t\t\t<div class=\"mkdf-ig-image mkdf-item-space \">\n\t\t\t\t<div class=\"mkdf-ig-image-inner\">\n\t\t\t\t\t\t\t\t\t\t\t<a itemprop=\"image\" class=\"mkdf-ig-lightbox\" href=\"https:\/\/www.restaurant-skab.fr\/wp-content\/uploads\/2020\/08\/galerie-image1.jpg\" data-rel=\"prettyPhoto[image_gallery_pretty_photo-109]\" title=\"RestaurantSkabN\u00eemes\">\n\t\t\t\t\t\t\t\t\t\t\t<img loading=\"lazy\" decoding=\"async\" width=\"1500\" height=\"1500\" src=\"https:\/\/www.restaurant-skab.fr\/wp-content\/uploads\/2020\/08\/galerie-image1.jpg\" class=\"attachment-full size-full\" alt=\"D\u00e9couvrez la cuisine du cgef Damien Sanchez au Skab\" srcset=\"https:\/\/www.restaurant-skab.fr\/wp-content\/uploads\/2020\/08\/galerie-image1.jpg 1500w, https:\/\/www.restaurant-skab.fr\/wp-content\/uploads\/2020\/08\/galerie-image1-150x150.jpg 150w, https:\/\/www.restaurant-skab.fr\/wp-content\/uploads\/2020\/08\/galerie-image1-300x300.jpg 300w, https:\/\/www.restaurant-skab.fr\/wp-content\/uploads\/2020\/08\/galerie-image1-768x768.jpg 768w, https:\/\/www.restaurant-skab.fr\/wp-content\/uploads\/2020\/08\/galerie-image1-1024x1024.jpg 1024w, https:\/\/www.restaurant-skab.fr\/wp-content\/uploads\/2020\/08\/galerie-image1-650x650.jpg 650w, https:\/\/www.restaurant-skab.fr\/wp-content\/uploads\/2020\/08\/galerie-image1-1300x1300.jpg 1300w, https:\/\/www.restaurant-skab.fr\/wp-content\/uploads\/2020\/08\/galerie-image1-600x600.jpg 600w, https:\/\/www.restaurant-skab.fr\/wp-content\/uploads\/2020\/08\/galerie-image1-100x100.jpg 100w\" sizes=\"auto, (max-width: 1500px) 100vw, 1500px\" \/>\t\t\t\t\t\t\t\t\t\t\t<\/a>\n\t\t\t\t\t\t\t\t\t<\/div>\n\t\t\t<\/div>\n\t\t\t\t\t\t\t\t<div class=\"mkdf-ig-image mkdf-item-space \">\n\t\t\t\t<div class=\"mkdf-ig-image-inner\">\n\t\t\t\t\t\t\t\t\t\t\t<a itemprop=\"image\" class=\"mkdf-ig-lightbox\" href=\"https:\/\/www.restaurant-skab.fr\/wp-content\/uploads\/2020\/08\/galerie-image9.jpg\" data-rel=\"prettyPhoto[image_gallery_pretty_photo-109]\" title=\"RestaurantSkabN\u00eemes\">\n\t\t\t\t\t\t\t\t\t\t\t<img loading=\"lazy\" decoding=\"async\" width=\"1500\" height=\"1500\" src=\"https:\/\/www.restaurant-skab.fr\/wp-content\/uploads\/2020\/08\/galerie-image9.jpg\" class=\"attachment-full size-full\" alt=\"d\u00e9couvrez la cuisine gourmande, locale et respectueuse des saisonnalit\u00e9 et du go\u00fbt du chef\" srcset=\"https:\/\/www.restaurant-skab.fr\/wp-content\/uploads\/2020\/08\/galerie-image9.jpg 1500w, https:\/\/www.restaurant-skab.fr\/wp-content\/uploads\/2020\/08\/galerie-image9-150x150.jpg 150w, https:\/\/www.restaurant-skab.fr\/wp-content\/uploads\/2020\/08\/galerie-image9-300x300.jpg 300w, https:\/\/www.restaurant-skab.fr\/wp-content\/uploads\/2020\/08\/galerie-image9-768x768.jpg 768w, https:\/\/www.restaurant-skab.fr\/wp-content\/uploads\/2020\/08\/galerie-image9-1024x1024.jpg 1024w, https:\/\/www.restaurant-skab.fr\/wp-content\/uploads\/2020\/08\/galerie-image9-650x650.jpg 650w, https:\/\/www.restaurant-skab.fr\/wp-content\/uploads\/2020\/08\/galerie-image9-1300x1300.jpg 1300w, https:\/\/www.restaurant-skab.fr\/wp-content\/uploads\/2020\/08\/galerie-image9-600x600.jpg 600w, https:\/\/www.restaurant-skab.fr\/wp-content\/uploads\/2020\/08\/galerie-image9-100x100.jpg 100w\" sizes=\"auto, (max-width: 1500px) 100vw, 1500px\" \/>\t\t\t\t\t\t\t\t\t\t\t<\/a>\n\t\t\t\t\t\t\t\t\t<\/div>\n\t\t\t<\/div>\n\t\t\t\t\t\t\t\t<div class=\"mkdf-ig-image mkdf-item-space mkdf-fixed-masonry-item mkdf-masonry-size-large-width\">\n\t\t\t\t<div class=\"mkdf-ig-image-inner\">\n\t\t\t\t\t\t\t\t\t\t\t<a itemprop=\"image\" class=\"mkdf-ig-lightbox\" href=\"https:\/\/www.restaurant-skab.fr\/wp-content\/uploads\/2020\/08\/Sans-titre-4.jpg\" data-rel=\"prettyPhoto[image_gallery_pretty_photo-109]\" title=\"RestaurantSkabN\u00eemes\">\n\t\t\t\t\t\t\t\t\t\t\t<img loading=\"lazy\" decoding=\"async\" width=\"640\" height=\"310\" src=\"https:\/\/www.restaurant-skab.fr\/wp-content\/uploads\/2020\/08\/Sans-titre-4.jpg\" class=\"attachment-ande_mikado_image_landscape size-ande_mikado_image_landscape\" alt=\"Table d\u00e9licatement pr\u00e9par\u00e9e\" srcset=\"https:\/\/www.restaurant-skab.fr\/wp-content\/uploads\/2020\/08\/Sans-titre-4.jpg 640w, https:\/\/www.restaurant-skab.fr\/wp-content\/uploads\/2020\/08\/Sans-titre-4-300x145.jpg 300w, https:\/\/www.restaurant-skab.fr\/wp-content\/uploads\/2020\/08\/Sans-titre-4-600x291.jpg 600w\" sizes=\"auto, (max-width: 640px) 100vw, 640px\" \/>\t\t\t\t\t\t\t\t\t\t\t<\/a>\n\t\t\t\t\t\t\t\t\t<\/div>\n\t\t\t<\/div>\n\t\t\t\t\t\t\t\t<div class=\"mkdf-ig-image mkdf-item-space \">\n\t\t\t\t<div class=\"mkdf-ig-image-inner\">\n\t\t\t\t\t\t\t\t\t\t\t<a itemprop=\"image\" class=\"mkdf-ig-lightbox\" href=\"https:\/\/www.restaurant-skab.fr\/wp-content\/uploads\/2020\/08\/galerie-image5.jpg\" data-rel=\"prettyPhoto[image_gallery_pretty_photo-109]\" title=\"RestaurantSkabN\u00eemes\">\n\t\t\t\t\t\t\t\t\t\t\t<img loading=\"lazy\" decoding=\"async\" width=\"1500\" height=\"1500\" src=\"https:\/\/www.restaurant-skab.fr\/wp-content\/uploads\/2020\/08\/galerie-image5.jpg\" class=\"attachment-full size-full\" alt=\"D\u00e9couvrez la cuisine du chef\" srcset=\"https:\/\/www.restaurant-skab.fr\/wp-content\/uploads\/2020\/08\/galerie-image5.jpg 1500w, https:\/\/www.restaurant-skab.fr\/wp-content\/uploads\/2020\/08\/galerie-image5-150x150.jpg 150w, https:\/\/www.restaurant-skab.fr\/wp-content\/uploads\/2020\/08\/galerie-image5-300x300.jpg 300w, https:\/\/www.restaurant-skab.fr\/wp-content\/uploads\/2020\/08\/galerie-image5-768x768.jpg 768w, https:\/\/www.restaurant-skab.fr\/wp-content\/uploads\/2020\/08\/galerie-image5-1024x1024.jpg 1024w, https:\/\/www.restaurant-skab.fr\/wp-content\/uploads\/2020\/08\/galerie-image5-650x650.jpg 650w, https:\/\/www.restaurant-skab.fr\/wp-content\/uploads\/2020\/08\/galerie-image5-1300x1300.jpg 1300w, https:\/\/www.restaurant-skab.fr\/wp-content\/uploads\/2020\/08\/galerie-image5-600x600.jpg 600w, https:\/\/www.restaurant-skab.fr\/wp-content\/uploads\/2020\/08\/galerie-image5-100x100.jpg 100w\" sizes=\"auto, (max-width: 1500px) 100vw, 1500px\" \/>\t\t\t\t\t\t\t\t\t\t\t<\/a>\n\t\t\t\t\t\t\t\t\t<\/div>\n\t\t\t<\/div>\n\t\t\t<\/div>\n<\/div>[\/vc_column][\/vc_row][vc_row el_class=&#8221;espace&#8221; css=&#8221;.vc_custom_1598077893989{background-color: #ffffff !important;}&#8221;][vc_column][vc_empty_space height=&#8221;100px&#8221;][\/vc_column][\/vc_row][vc_row row_content_width=&#8221;grid&#8221; css=&#8221;.vc_custom_1598348213308{padding-top: 5px !important;padding-bottom: 200px !important;}&#8221; el_id=&#8221;responsive-bas&#8221; el_class=&#8221;.mkdf-di-holder-right&#8221;][vc_column width=&#8221;1\/2&#8243; offset=&#8221;vc_col-lg-6 vc_col-md-12&#8243;]<div class=\"mkdf-elements-holder   mkdf-one-column  mkdf-responsive-mode-768 \" ><div class=\"mkdf-eh-item    \"  data-item-class=\"mkdf-eh-custom-6415\" data-1025-1366=\"32% 12% 0 0%\" data-769-1024=\"27.5% 14% 0 8%\" data-681-768=\"24% 7% 0 5%\" data-680=\"5% 0 0 0\">\n\t<div class=\"mkdf-eh-item-inner\">\n\t\t<div class=\"mkdf-eh-item-content mkdf-eh-custom-6415\" style=\"padding: 27% 12% 0 5%\">\n\t\t\t<div class=\"mkdf-section-title-holder  mkdf-st-standard mkdf-st-title-left mkdf-st-normal-space \" >\n\t<div class=\"mkdf-st-inner\">\n\t\t\t\t\t<h2 class=\"mkdf-st-title\" >\n\t\t\t\t<span class=\"mkdf-st-title-light\">N\u00eemes's<\/span><br \/> <span class=\"mkdf-st-title-bold\">Gastronomy<\/span>\t\t\t<\/h2>\n\t\t\t\t<div class=\"mkdf-separator-holder clearfix   \">\n\t<div class=\"mkdf-separator\" style=\"border-color: #ff6600;width: 80px;border-bottom-width: 2px\"><\/div>\n<\/div>\n\t\t\t<\/div>\n<\/div>[vc_column_text]If good cuisine is made from good products, it is the Terroir that gives it an identity and which makes it so unique.<\/p>\n<p>So the selection of our products and the daily work with our producers are the key to highlighting Gastronomy.from N\u00eemes[\/vc_column_text][vc_empty_space height=&#8221;46px&#8221;]<a itemprop=\"url\" href=\"http:\/\/www.restaurant-skab.fr\/en\/notre-carte\/\" target=\"_self\"  class=\"mkdf-btn mkdf-btn-medium mkdf-btn-solid mkdf-btn-custom-border-hover mkdf-btn-custom-hover-color button1\" data-hover-color=\"#ff6600\" data-hover-border-color=\"#ff6600\" >\n    <span class=\"mkdf-btn-text\">A La Carte<\/span>\n    <\/a><a itemprop=\"url\" href=\"http:\/\/www.restaurant-skab.fr\/en\/nos-menus\/\" target=\"_blank\"  class=\"mkdf-btn mkdf-btn-medium mkdf-btn-solid mkdf-btn-custom-border-hover mkdf-btn-custom-hover-color button\" data-hover-color=\"#ff6600\" data-hover-border-color=\"#ff6600\" >\n    <span class=\"mkdf-btn-text\">Our Menus<\/span>\n    <\/a>\t\t<\/div>\n\t<\/div>\n<\/div><\/div>[\/vc_column][vc_column width=&#8221;1\/2&#8243; offset=&#8221;vc_col-lg-6 vc_col-md-12&#8243;]<div class=\"mkdf-elements-holder   mkdf-one-column  mkdf-responsive-mode-768 \" ><div class=\"mkdf-eh-item    \"  data-item-class=\"mkdf-eh-custom-6320\" data-769-1024=\"10% 10% 0 0\" data-681-768=\"10% 0 0 41%\" data-680=\"10% 0 0 42%\">\n\t<div class=\"mkdf-eh-item-inner\">\n\t\t<div class=\"mkdf-eh-item-content mkdf-eh-custom-6320\" >\n\t\t\t<div class=\"mkdf-dual-image-holder  mkdf-dual-image-position-left mkdf-image-parallax mkdf-image-appear\">\n    <div class=\"mkdf-di-main-image\"  data-parallax='{\"y\":75, \"smoothness\":10}' >\n        <div class=\"mkdf-image-wrapper\">\n                            <img loading=\"lazy\" decoding=\"async\" width=\"378\" height=\"575\" src=\"https:\/\/www.restaurant-skab.fr\/wp-content\/uploads\/2020\/08\/skab-011.jpg\" class=\"attachment-full size-full\" alt=\"Le chef Damien Sanchez en cuisine au Skab\" srcset=\"https:\/\/www.restaurant-skab.fr\/wp-content\/uploads\/2020\/08\/skab-011.jpg 378w, https:\/\/www.restaurant-skab.fr\/wp-content\/uploads\/2020\/08\/skab-011-197x300.jpg 197w\" sizes=\"auto, (max-width: 378px) 100vw, 378px\" \/>                    <\/div>\n    <\/div>\n    <div class=\"mkdf-di-second-image\"  data-parallax='{\"y\":25, \"smoothness\":10}' >\n        <div class=\"mkdf-image-wrapper\">\n    \t\t    \t\t\t<img loading=\"lazy\" decoding=\"async\" width=\"351\" height=\"351\" src=\"https:\/\/www.restaurant-skab.fr\/wp-content\/uploads\/2020\/08\/skab-009.jpg\" class=\"attachment-full size-full\" alt=\"Le restaurant Skab c&#039;est une cuisine gourmande, locale et respectueuse des saisonnalit\u00e9es et du go\u00fbt !\" srcset=\"https:\/\/www.restaurant-skab.fr\/wp-content\/uploads\/2020\/08\/skab-009.jpg 351w, https:\/\/www.restaurant-skab.fr\/wp-content\/uploads\/2020\/08\/skab-009-150x150.jpg 150w, https:\/\/www.restaurant-skab.fr\/wp-content\/uploads\/2020\/08\/skab-009-300x300.jpg 300w\" sizes=\"auto, (max-width: 351px) 100vw, 351px\" \/>    \t\t        <\/div>\n    <\/div>\n<\/div>\t\t<\/div>\n\t<\/div>\n<\/div><\/div>[\/vc_column][\/vc_row][vc_row el_class=&#8221;espace&#8221;][vc_column][vc_raw_html]JTVCaW5zdGEtZ2FsbGVyeSUyMGlkJTNEJTIyMSUyMiU1RA==[\/vc_raw_html][\/vc_column][\/vc_row]<\/p>\n","protected":false},"excerpt":{"rendered":"<p>[vc_row row_content_width=&#8221;grid&#8221; css=&#8221;.vc_custom_1596634135779{padding-top: 5px !important;}&#8221; el_class=&#8221;.mkdf-di-holder-right&#8221;][vc_column offset=&#8221;vc_col-lg-6 vc_col-md-12&#8243;][\/vc_column][vc_column offset=&#8221;vc_col-lg-6 vc_col-md-12&#8243;][\/vc_column][\/vc_row][vc_row el_class=&#8221;espace&#8221;][vc_column][vc_empty_space height=&#8221;40px&#8221;][\/vc_column][\/vc_row][vc_row row_content_width=&#8221;grid&#8221; css=&#8221;.vc_custom_1597837674588{padding-top: 70px !important;}&#8221;][vc_column offset=&#8221;vc_col-lg-6 vc_col-md-12&#8243;][\/vc_column][vc_column offset=&#8221;vc_col-lg-6 vc_col-md-12&#8243;][\/vc_column][\/vc_row][vc_row el_class=&#8221;espace&#8221;][vc_column][vc_empty_space height=&#8221;180px&#8221;][\/vc_column][\/vc_row][vc_row row_content_width=&#8221;grid&#8221; content_text_aligment=&#8221;center&#8221; css=&#8221;.vc_custom_1598080434148{padding-top: 66px !important;background-color: #ffffff !important;}&#8221; simple_background_color=&#8221;#ffffff&#8221;][vc_column][\/vc_column][\/vc_row][vc_row el_class=&#8221;espace&#8221; css=&#8221;.vc_custom_1598077893989{background-color: #ffffff !important;}&#8221;][vc_column][vc_empty_space height=&#8221;100px&#8221;][\/vc_column][\/vc_row][vc_row row_content_width=&#8221;grid&#8221; css=&#8221;.vc_custom_1598348213308{padding-top: 5px !important;padding-bottom: 200px !important;}&#8221; el_id=&#8221;responsive-bas&#8221; el_class=&#8221;.mkdf-di-holder-right&#8221;][vc_column width=&#8221;1\/2&#8243; offset=&#8221;vc_col-lg-6 vc_col-md-12&#8243;][\/vc_column][vc_column width=&#8221;1\/2&#8243; offset=&#8221;vc_col-lg-6 vc_col-md-12&#8243;][\/vc_column][\/vc_row][vc_row el_class=&#8221;espace&#8221;][vc_column][vc_raw_html]JTVCaW5zdGEtZ2FsbGVyeSUyMGlkJTNEJTIyMSUyMiU1RA==[\/vc_raw_html][\/vc_column][\/vc_row]<\/p>\n","protected":false},"author":5,"featured_media":0,"parent":0,"menu_order":0,"comment_status":"closed","ping_status":"closed","template":"full-width.php","meta":{"footnotes":""},"class_list":["post-5654","page","type-page","status-publish","hentry"],"aioseo_notices":[],"_links":{"self":[{"href":"https:\/\/www.restaurant-skab.fr\/en\/wp-json\/wp\/v2\/pages\/5654","targetHints":{"allow":["GET"]}}],"collection":[{"href":"https:\/\/www.restaurant-skab.fr\/en\/wp-json\/wp\/v2\/pages"}],"about":[{"href":"https:\/\/www.restaurant-skab.fr\/en\/wp-json\/wp\/v2\/types\/page"}],"author":[{"embeddable":true,"href":"https:\/\/www.restaurant-skab.fr\/en\/wp-json\/wp\/v2\/users\/5"}],"replies":[{"embeddable":true,"href":"https:\/\/www.restaurant-skab.fr\/en\/wp-json\/wp\/v2\/comments?post=5654"}],"version-history":[{"count":6,"href":"https:\/\/www.restaurant-skab.fr\/en\/wp-json\/wp\/v2\/pages\/5654\/revisions"}],"predecessor-version":[{"id":10281,"href":"https:\/\/www.restaurant-skab.fr\/en\/wp-json\/wp\/v2\/pages\/5654\/revisions\/10281"}],"wp:attachment":[{"href":"https:\/\/www.restaurant-skab.fr\/en\/wp-json\/wp\/v2\/media?parent=5654"}],"curies":[{"name":"wp","href":"https:\/\/api.w.org\/{rel}","templated":true}]}}