{"id":5670,"date":"2020-09-04T11:16:00","date_gmt":"2020-09-04T09:16:00","guid":{"rendered":"http:\/\/agence-petit-gastronome.fr\/dev\/ande\/?page_id=5670"},"modified":"2024-06-13T17:26:53","modified_gmt":"2024-06-13T15:26:53","slug":"actualites","status":"publish","type":"page","link":"https:\/\/www.restaurant-skab.fr\/en\/actualites\/","title":{"rendered":"Skab restaurant news"},"content":{"rendered":"<p>[vc_row content_text_aligment=&#8221;center&#8221; parallax_background_image=&#8221;5288&#8243;][vc_column]<div class=\"mkdf-elements-holder   mkdf-one-column  mkdf-responsive-mode-768 \" ><div class=\"mkdf-eh-item    \"  data-item-class=\"mkdf-eh-custom-8825\" data-1367-1600=\"145px 0\" data-1025-1366=\"111px 0\" data-769-1024=\"130px 0\" data-681-768=\"122px 0\" data-680=\"92px 0\">\n\t<div class=\"mkdf-eh-item-inner\">\n\t\t<div class=\"mkdf-eh-item-content mkdf-eh-custom-8825\" style=\"padding: 149px 0\">\n\t\t\t[vc_column_text]<\/p>\n<h1><span style=\"color: #ffffff;\">Our News<\/span><\/h1>\n<p>[\/vc_column_text]\t\t<\/div>\n\t<\/div>\n<\/div><\/div>[\/vc_column][\/vc_row][vc_row][vc_column][vc_empty_space height=&#8221;50px&#8221;][\/vc_column][\/vc_row][vc_row row_content_width=&#8221;grid&#8221;][vc_column]<div class=\"mkdf-blog-list-holder mkdf-grid-list mkdf-disable-bottom-space mkdf-bl-boxed mkdf-three-columns mkdf-huge-space mkdf-bl-pag-no-pagination\"  data-type=boxed data-number-of-posts=3 data-number-of-columns=three data-space-between-items=huge data-orderby=date data-order=ASC data-image-size=full data-title-tag=h4 data-excerpt-length=40 data-post-info-section=yes data-post-info-image=yes data-post-info-author=no data-post-info-date=no data-post-info-category=yes data-post-info-comments=no data-post-info-like=no data-post-info-share=no data-pagination-type=no-pagination data-max-num-pages=20 data-next-page=2>\n\t<div class=\"mkdf-bl-wrapper mkdf-outer-space\">\n\t\t<ul class=\"mkdf-blog-list\">\n\t\t\t<li class=\"mkdf-bl-item mkdf-item-space\">\n\t<div class=\"mkdf-bli-inner\">\n        <div class=\"mkdf-bli-image-holder\">\n            \n\t<div class=\"mkdf-post-image\">\n\t\t\t\t\t<a itemprop=\"url\" href=\"https:\/\/www.restaurant-skab.fr\/en\/actus\/revue-de-presse\/parution-objectif-gard\/\" title=\"Parution Objectif Gard\">\n\t\t\t\t\t<img loading=\"lazy\" decoding=\"async\" width=\"1000\" height=\"577\" src=\"https:\/\/www.restaurant-skab.fr\/wp-content\/uploads\/2020\/10\/Damien-Sanchez-Skab.jpg\" class=\"attachment-full size-full wp-post-image\" alt=\"Damien Sanchez le Chef du Restaurant Skab \u00e0 N\u00eemes\" srcset=\"https:\/\/www.restaurant-skab.fr\/wp-content\/uploads\/2020\/10\/Damien-Sanchez-Skab.jpg 1000w, https:\/\/www.restaurant-skab.fr\/wp-content\/uploads\/2020\/10\/Damien-Sanchez-Skab-300x173.jpg 300w, https:\/\/www.restaurant-skab.fr\/wp-content\/uploads\/2020\/10\/Damien-Sanchez-Skab-768x443.jpg 768w\" sizes=\"auto, (max-width: 1000px) 100vw, 1000px\" \/>\t\t\t\t\t<\/a>\n\t\t\t\t\t<\/div>\n                    <\/div>\n        <div class=\"mkdf-bli-content\">\n                            <div class=\"mkdf-bli-info\">\n\t                <div class=\"mkdf-post-info-category\">\n    <a href=\"https:\/\/www.restaurant-skab.fr\/category\/actus\/revue-de-presse\/\" rel=\"category tag\">Revue de Presse<\/a><\/div>                <\/div>\n            \t\n\t        \n<h4 itemprop=\"name\" class=\"entry-title mkdf-post-title\" >\n            <a itemprop=\"url\" href=\"https:\/\/www.restaurant-skab.fr\/en\/actus\/revue-de-presse\/parution-objectif-gard\/\" title=\"Parution Objectif Gard\">\n            Parution Objectif Gard            <\/a>\n    <\/h4>\t\n\t        <div class=\"mkdf-bli-excerpt\">\n\t\t        \t\t<div class=\"mkdf-post-excerpt-holder\">\n\t\t\t<p itemprop=\"description\" class=\"mkdf-post-excerpt\">\n\t\t\t\t\nAvec les mesures prises pour le couvre-feu en cette fin d\u2019ann\u00e9e 2020, retrouvez notre parution sur le site internet d\u2019Objectif Gard, que nous remercions pour ce bel article.\n\n\n\nRetrouvez l'article complet en cliquant ici\t\t\t<\/p>\n\t\t<\/div>\n\t\t\t        \t<div class=\"mkdf-post-read-more-button\">\n\t\t<a itemprop=\"url\" href=\"https:\/\/www.restaurant-skab.fr\/en\/actus\/revue-de-presse\/parution-objectif-gard\/\" target=\"_self\"  class=\"mkdf-btn mkdf-btn-medium mkdf-btn-simple mkdf-blog-list-button\"  >    <span class=\"mkdf-btn-text\">MORE<\/span>    <\/a>\t<\/div>\n\t        <\/div>\n        <\/div>\n\t<\/div>\n<\/li><li class=\"mkdf-bl-item mkdf-item-space\">\n\t<div class=\"mkdf-bli-inner\">\n        <div class=\"mkdf-bli-image-holder\">\n            \n\t<div class=\"mkdf-post-image\">\n\t\t\t\t\t<a itemprop=\"url\" href=\"https:\/\/www.restaurant-skab.fr\/en\/actus\/revue-de-presse\/parution-midilibre-26112020\/\" title=\"Parution midi libre du 26 novembre 2020\">\n\t\t\t\t\t<img loading=\"lazy\" decoding=\"async\" width=\"5184\" height=\"3456\" src=\"https:\/\/www.restaurant-skab.fr\/wp-content\/uploads\/2020\/11\/IMG_6089.jpg\" class=\"attachment-full size-full wp-post-image\" alt=\"Le Chef Damien Sanchez et S\u00e9verine pr\u00e9pare les sacs !\" srcset=\"https:\/\/www.restaurant-skab.fr\/wp-content\/uploads\/2020\/11\/IMG_6089.jpg 5184w, https:\/\/www.restaurant-skab.fr\/wp-content\/uploads\/2020\/11\/IMG_6089-300x200.jpg 300w, https:\/\/www.restaurant-skab.fr\/wp-content\/uploads\/2020\/11\/IMG_6089-768x512.jpg 768w, https:\/\/www.restaurant-skab.fr\/wp-content\/uploads\/2020\/11\/IMG_6089-1024x683.jpg 1024w\" sizes=\"auto, (max-width: 5184px) 100vw, 5184px\" \/>\t\t\t\t\t<\/a>\n\t\t\t\t\t<\/div>\n                    <\/div>\n        <div class=\"mkdf-bli-content\">\n                            <div class=\"mkdf-bli-info\">\n\t                <div class=\"mkdf-post-info-category\">\n    <a href=\"https:\/\/www.restaurant-skab.fr\/category\/actus\/revue-de-presse\/\" rel=\"category tag\">Revue de Presse<\/a><\/div>                <\/div>\n            \t\n\t        \n<h4 itemprop=\"name\" class=\"entry-title mkdf-post-title\" >\n            <a itemprop=\"url\" href=\"https:\/\/www.restaurant-skab.fr\/en\/actus\/revue-de-presse\/parution-midilibre-26112020\/\" title=\"Parution midi libre du 26 novembre 2020\">\n            Parution midi libre du 26 novembre 2020            <\/a>\n    <\/h4>\t\n\t        <div class=\"mkdf-bli-excerpt\">\n\t\t        \t\t<div class=\"mkdf-post-excerpt-holder\">\n\t\t\t<p itemprop=\"description\" class=\"mkdf-post-excerpt\">\n\t\t\t\tLe restaurant SKAB est \u00e0 l'honneur aujourd'hui dans le midi libre pour parler des repas \u00e0 emporter !\t\t\t<\/p>\n\t\t<\/div>\n\t\t\t        \t<div class=\"mkdf-post-read-more-button\">\n\t\t<a itemprop=\"url\" href=\"https:\/\/www.restaurant-skab.fr\/en\/actus\/revue-de-presse\/parution-midilibre-26112020\/\" target=\"_self\"  class=\"mkdf-btn mkdf-btn-medium mkdf-btn-simple mkdf-blog-list-button\"  >    <span class=\"mkdf-btn-text\">MORE<\/span>    <\/a>\t<\/div>\n\t        <\/div>\n        <\/div>\n\t<\/div>\n<\/li><li class=\"mkdf-bl-item mkdf-item-space\">\n\t<div class=\"mkdf-bli-inner\">\n        <div class=\"mkdf-bli-image-holder\">\n            \n\t<div class=\"mkdf-post-image\">\n\t\t\t\t\t<a itemprop=\"url\" href=\"https:\/\/www.restaurant-skab.fr\/en\/actus\/nos-menus\/menu-a-emporter\/\" title=\"Menu \u00e0 emporter du 29 Avril au 1er Mai\">\n\t\t\t\t\t<img loading=\"lazy\" decoding=\"async\" width=\"3000\" height=\"1999\" src=\"https:\/\/www.restaurant-skab.fr\/wp-content\/uploads\/2020\/10\/4F0A5132-e1604063302982.jpg\" class=\"attachment-full size-full wp-post-image\" alt=\"Les tables du restaurant Skab \u00e0 N\u00eemes toujours bien dress\u00e9es\" \/>\t\t\t\t\t<\/a>\n\t\t\t\t\t<\/div>\n                    <\/div>\n        <div class=\"mkdf-bli-content\">\n                            <div class=\"mkdf-bli-info\">\n\t                <div class=\"mkdf-post-info-category\">\n    <a href=\"https:\/\/www.restaurant-skab.fr\/category\/actus\/nos-menus\/\" rel=\"category tag\">Nos Menus<\/a><\/div>                <\/div>\n            \t\n\t        \n<h4 itemprop=\"name\" class=\"entry-title mkdf-post-title\" >\n            <a itemprop=\"url\" href=\"https:\/\/www.restaurant-skab.fr\/en\/actus\/nos-menus\/menu-a-emporter\/\" title=\"Menu \u00e0 emporter du 29 Avril au 1er Mai\">\n            Menu \u00e0 emporter du 29 Avril au 1er Mai            <\/a>\n    <\/h4>\t\n\t        <div class=\"mkdf-bli-excerpt\">\n\t\t        \t\t<div class=\"mkdf-post-excerpt-holder\">\n\t\t\t<p itemprop=\"description\" class=\"mkdf-post-excerpt\">\n\t\t\t\t\nRetrouvez le nouveau menu \u00e0 emporter disponible du 29 Avril au 1er Mai!\n\n\n\n\nPanier d\u00e9couverte en 4 plats 45 \u20ac le 29,30 avril et le 1er mai\nPanier plaisir en 3 plats (Entr\u00e9e\/Viande\/Dessert) 30\u20ac le 29 et 30 avril au d\u00e9jeuner\n\nGravlax de\t\t\t<\/p>\n\t\t<\/div>\n\t\t\t        \t<div class=\"mkdf-post-read-more-button\">\n\t\t<a itemprop=\"url\" href=\"https:\/\/www.restaurant-skab.fr\/en\/actus\/nos-menus\/menu-a-emporter\/\" target=\"_self\"  class=\"mkdf-btn mkdf-btn-medium mkdf-btn-simple mkdf-blog-list-button\"  >    <span class=\"mkdf-btn-text\">MORE<\/span>    <\/a>\t<\/div>\n\t        <\/div>\n        <\/div>\n\t<\/div>\n<\/li>\t\t<\/ul>\n\t<\/div>\n\t<\/div>[\/vc_column][\/vc_row][vc_row][vc_column][vc_empty_space height=&#8221;50px&#8221;][\/vc_column][\/vc_row]<\/p>\n","protected":false},"excerpt":{"rendered":"<p>[vc_row content_text_aligment=&#8221;center&#8221; parallax_background_image=&#8221;5288&#8243;][vc_column][\/vc_column][\/vc_row][vc_row][vc_column][vc_empty_space height=&#8221;50px&#8221;][\/vc_column][\/vc_row][vc_row row_content_width=&#8221;grid&#8221;][vc_column][\/vc_column][\/vc_row][vc_row][vc_column][vc_empty_space height=&#8221;50px&#8221;][\/vc_column][\/vc_row]<\/p>\n","protected":false},"author":5,"featured_media":0,"parent":0,"menu_order":0,"comment_status":"closed","ping_status":"closed","template":"full-width.php","meta":{"footnotes":""},"class_list":["post-5670","page","type-page","status-publish","hentry"],"aioseo_notices":[],"_links":{"self":[{"href":"https:\/\/www.restaurant-skab.fr\/en\/wp-json\/wp\/v2\/pages\/5670","targetHints":{"allow":["GET"]}}],"collection":[{"href":"https:\/\/www.restaurant-skab.fr\/en\/wp-json\/wp\/v2\/pages"}],"about":[{"href":"https:\/\/www.restaurant-skab.fr\/en\/wp-json\/wp\/v2\/types\/page"}],"author":[{"embeddable":true,"href":"https:\/\/www.restaurant-skab.fr\/en\/wp-json\/wp\/v2\/users\/5"}],"replies":[{"embeddable":true,"href":"https:\/\/www.restaurant-skab.fr\/en\/wp-json\/wp\/v2\/comments?post=5670"}],"version-history":[{"count":1,"href":"https:\/\/www.restaurant-skab.fr\/en\/wp-json\/wp\/v2\/pages\/5670\/revisions"}],"predecessor-version":[{"id":8571,"href":"https:\/\/www.restaurant-skab.fr\/en\/wp-json\/wp\/v2\/pages\/5670\/revisions\/8571"}],"wp:attachment":[{"href":"https:\/\/www.restaurant-skab.fr\/en\/wp-json\/wp\/v2\/media?parent=5670"}],"curies":[{"name":"wp","href":"https:\/\/api.w.org\/{rel}","templated":true}]}}